{"id":1292,"date":"2024-04-23T12:59:26","date_gmt":"2024-04-23T10:59:26","guid":{"rendered":"http:\/\/camarenapark.hercules.ovh\/?page_id=1292"},"modified":"2024-04-23T12:59:57","modified_gmt":"2024-04-23T10:59:57","slug":"aviso-legal","status":"publish","type":"page","link":"https:\/\/camarenapark.com\/en\/aviso-legal\/","title":{"rendered":"Legal notice"},"content":{"rendered":"<p>De acuerdo con el art\u00edculo 10 de la Ley 34\/2002, de 11 de julio, de Servicios de la Sociedad de la Informaci\u00f3n y Comercio Electr\u00f3nico, ponemos en su conocimiento la siguiente informaci\u00f3n:<\/p>\n<ul>\n<li>El sitio web CAMARENA PARK S.L. es gestionado por CAMARENA PARK S.L domiciliada en C\/ Ronda Narciso Monturiol n\u00ba 6- 9-bj , Parque Tecnol\u00f3gico de Paterna, Valencia.<\/li>\n<li>CAMARENA PARK S.L con C.I.F.B- 97736698 , est\u00e1 inscrita en el Registro de Mercantil de Valencia en Libro de Sociedades , Tomo 8591, Libro 5879, Folio 74, Hoja v-118716<\/li>\n<li>Si quiere contactar con nosotros puede hacerlo bien mediante correo postal, en la direcci\u00f3n indicada anteriormente, bien a trav\u00e9s del correo electr\u00f3nico a la direcci\u00f3n info@camarenapark.com o mediante el tel\u00e9fono 96 136 66 00<\/li>\n<\/ul>\n<p>Cesi\u00f3n de datos personales:<br \/>\nLe informamos que sus datos personales forman parte de una base de datos propiedad de CAMARENA PARK S.L cuyas finalidades son la formalizaci\u00f3n de cartera de clientes interna ytratamientos de facturaci\u00f3n y contabilidades.<br \/>\nDichos datos podr\u00edan ser cedidos a las Administraciones P\u00fablicas en cumplimiento de la normativa fiscal y tributaria, as\u00ed como a empresas colaboradoras de CAMARENA PARK S.L.<br \/>\nConforme a la Ley Org\u00e1nica 15\/1999, tiene derecho en cualquier momento a acceder, rectificar o cancelar sus datos personales incluidos en nuestras bases de datos contactando en info@camarenapark.com.<\/p>","protected":false},"excerpt":{"rendered":"<p>De acuerdo con el art\u00edculo 10 de la Ley 34\/2002, de 11 de julio, de Servicios de la Sociedad de la Informaci\u00f3n y Comercio Electr\u00f3nico, ponemos en su conocimiento la siguiente informaci\u00f3n: El sitio web CAMARENA PARK S.L. es gestionado por CAMARENA PARK S.L domiciliada en C\/ Ronda Narciso Monturiol n\u00ba 6- 9-bj , Parque [&hellip;]<\/p>","protected":false},"author":1,"featured_media":0,"parent":0,"menu_order":0,"comment_status":"closed","ping_status":"closed","template":"","meta":{"footnotes":""},"class_list":["post-1292","page","type-page","status-publish","hentry"],"_links":{"self":[{"href":"https:\/\/camarenapark.com\/en\/wp-json\/wp\/v2\/pages\/1292","targetHints":{"allow":["GET"]}}],"collection":[{"href":"https:\/\/camarenapark.com\/en\/wp-json\/wp\/v2\/pages"}],"about":[{"href":"https:\/\/camarenapark.com\/en\/wp-json\/wp\/v2\/types\/page"}],"author":[{"embeddable":true,"href":"https:\/\/camarenapark.com\/en\/wp-json\/wp\/v2\/users\/1"}],"replies":[{"embeddable":true,"href":"https:\/\/camarenapark.com\/en\/wp-json\/wp\/v2\/comments?post=1292"}],"version-history":[{"count":2,"href":"https:\/\/camarenapark.com\/en\/wp-json\/wp\/v2\/pages\/1292\/revisions"}],"predecessor-version":[{"id":1294,"href":"https:\/\/camarenapark.com\/en\/wp-json\/wp\/v2\/pages\/1292\/revisions\/1294"}],"wp:attachment":[{"href":"https:\/\/camarenapark.com\/en\/wp-json\/wp\/v2\/media?parent=1292"}],"curies":[{"name":"wp","href":"https:\/\/api.w.org\/{rel}","templated":true}]}}