{"id":1296,"date":"2024-04-23T13:01:57","date_gmt":"2024-04-23T11:01:57","guid":{"rendered":"http:\/\/camarenapark.hercules.ovh\/?page_id=1296"},"modified":"2024-04-23T13:01:57","modified_gmt":"2024-04-23T11:01:57","slug":"politica-de-cookies","status":"publish","type":"page","link":"https:\/\/camarenapark.com\/en\/politica-de-cookies\/","title":{"rendered":"Pol\u00edtica de cookies"},"content":{"rendered":"<p>En Camarenapark S.L utilizamos cookies con el objetivo de prestar un mejor servicio y proporcionarle una mejor experiencia en tu navegaci\u00f3n. Deseamos informarle de manera clara y precisa sobre las cookies que utilizamos, detallando a continuaci\u00f3n, que es una cookie, para que sirve, cuales son su finalidad y como puede configurarlas o deshabilitarlas si as\u00ed lo desea.<\/p>\n<p><strong>\u00bfQu\u00e9 es una cookie y para qu\u00e9 sirve?<\/strong><br \/>\nUna \u201cCookie\u201d es un peque\u00f1o archivo que se almacena en el ordenador del usuario, tablet, smartphone o cualquier otro dispositivo con informaci\u00f3n sobre la navegaci\u00f3n.<br \/>\nEl conjunto de \u201ccookies\u201d de todos nuestros usuarios nos ayuda a mejorar la calidad de nuestra web, permiti\u00e9ndonos controlar qu\u00e9 p\u00e1ginas son \u00fatiles, cu\u00e1les no y cu\u00e1les son susceptibles de mejora.<br \/>\nLas cookies son esenciales para el funcionamiento de Internet, aportando innumerables ventajas en la prestaci\u00f3n de servicios interactivos, facilit\u00e1ndote la navegaci\u00f3n y usabilidad de nuestro sitio.<br \/>\nEn ning\u00fan caso las cookies podr\u00edan da\u00f1ar tu equipo. Por contra, el que est\u00e9n activas nos ayuda a identificar y resolver los errores.<\/p>\n<p><strong>\u00bfQu\u00e9 tipos de cookies utilizamos?<\/strong><br \/>\nSeg\u00fan la entidad que la gestiona:<br \/>\nCookies propias:\u00a0Son aquellas que se env\u00edan a su equipo desde nuestros propios servidores o dominios y desde los que prestamos el servicio que nos solicita.<br \/>\nCookies de terceros:\u00a0Son aquellas que se env\u00edan a su equipo desde servidores o dominios que no son gestionados por nosotros, sino por otra entidad colaboradora. Como por ejemplo, las usadas por redes sociales, o por contenido externo como Google Maps.<\/p>\n<p>Seg\u00fan el plazo de tiempo que permanecen activadas:<br \/>\nCookies de sesi\u00f3n:\u00a0Son cookies temporales que permanecen en el archivo de cookies de su navegador hasta que abandona la p\u00e1gina web, por lo que ninguna queda registrada en el disco duro de su equipo. La informaci\u00f3n obtenida por medio de estas cookies, sirve para analizar pautas de tr\u00e1fico en la web. Esto nos permite proporcionar una mejor experiencia para optimizar el contenido y facilitar su usabilidad.<br \/>\nCookies persistentes:\u00a0son almacenadas en el disco duro y nuestra web las lee cada vez que realiza una nueva visita. Una web permanente posee una fecha de expiraci\u00f3n determinada. La cookie dejar\u00e1 de funcionar despu\u00e9s de esa fecha. Estas cookies las utilizamos, generalmente, para facilitar los servicios de compra y registro.<\/p>\n<p>Seg\u00fan su finalidad:<br \/>\nCookies t\u00e9cnicas:\u00a0Son aquellas necesarias para la navegaci\u00f3n y el buen funcionamiento de nuestra p\u00e1gina web. Permiten por ejemplo, controlar el tr\u00e1fico y la comunicaci\u00f3n de datos, acceder a zonas de acceso restringido, realizar procesos de compra, utilizar elementos de seguridad, almacenar contenido para poder difundir v\u00eddeos o compartir contenidos a trav\u00e9s de redes sociales.<br \/>\nCookies de personalizaci\u00f3n:\u00a0Son aqu\u00e9llas que le permiten acceder al servicio con unas caracter\u00edsticas predefinidas en funci\u00f3n de una serie de criterios, como por ejemplo el idioma, el tipo de navegador a trav\u00e9s del cual se accede al servicio, la configuraci\u00f3n regional desde donde se accede al servicio, etc.<br \/>\nCookies de an\u00e1lisis:\u00a0Son aqu\u00e9llas que nos permiten cuantificar el n\u00famero de usuarios y as\u00ed realizar la medici\u00f3n y an\u00e1lisis estad\u00edstico de la utilizaci\u00f3n que hacen los usuarios de los servicios prestados. Para ello se analiza su navegaci\u00f3n en nuestra p\u00e1gina web con el fin de mejorar la oferta de productos y servicios que ofrecemos.<br \/>\nCookies publicitarias:\u00a0Son aqu\u00e9llas que permiten la gesti\u00f3n, de la forma m\u00e1s eficaz posible, de los espacios publicitarios que se pudieran incluir en nuestra p\u00e1gina web.<br \/>\nCookies de publicidad comportamental:\u00a0Estas cookies almacenan informaci\u00f3n del comportamiento de los usuarios obtenida a trav\u00e9s de la observaci\u00f3n continuada. Gracias a ellas, podemos conocer los h\u00e1bitos de navegaci\u00f3n en internet y mostrarle publicidad relacionada con su perfil de navegaci\u00f3n.<\/p>","protected":false},"excerpt":{"rendered":"<p>En Camarenapark S.L utilizamos cookies con el objetivo de prestar un mejor servicio y proporcionarle una mejor experiencia en tu navegaci\u00f3n. Deseamos informarle de manera clara y precisa sobre las cookies que utilizamos, detallando a continuaci\u00f3n, que es una cookie, para que sirve, cuales son su finalidad y como puede configurarlas o deshabilitarlas si as\u00ed [&hellip;]<\/p>","protected":false},"author":1,"featured_media":0,"parent":0,"menu_order":0,"comment_status":"closed","ping_status":"closed","template":"","meta":{"footnotes":""},"class_list":["post-1296","page","type-page","status-publish","hentry"],"_links":{"self":[{"href":"https:\/\/camarenapark.com\/en\/wp-json\/wp\/v2\/pages\/1296","targetHints":{"allow":["GET"]}}],"collection":[{"href":"https:\/\/camarenapark.com\/en\/wp-json\/wp\/v2\/pages"}],"about":[{"href":"https:\/\/camarenapark.com\/en\/wp-json\/wp\/v2\/types\/page"}],"author":[{"embeddable":true,"href":"https:\/\/camarenapark.com\/en\/wp-json\/wp\/v2\/users\/1"}],"replies":[{"embeddable":true,"href":"https:\/\/camarenapark.com\/en\/wp-json\/wp\/v2\/comments?post=1296"}],"version-history":[{"count":1,"href":"https:\/\/camarenapark.com\/en\/wp-json\/wp\/v2\/pages\/1296\/revisions"}],"predecessor-version":[{"id":1297,"href":"https:\/\/camarenapark.com\/en\/wp-json\/wp\/v2\/pages\/1296\/revisions\/1297"}],"wp:attachment":[{"href":"https:\/\/camarenapark.com\/en\/wp-json\/wp\/v2\/media?parent=1296"}],"curies":[{"name":"wp","href":"https:\/\/api.w.org\/{rel}","templated":true}]}}