{"id":3,"date":"2023-09-13T09:27:25","date_gmt":"2023-09-13T07:27:25","guid":{"rendered":"http:\/\/camarenapark.hercules.ovh\/?page_id=3"},"modified":"2024-04-23T13:01:02","modified_gmt":"2024-04-23T11:01:02","slug":"politica-de-privacidad","status":"publish","type":"page","link":"https:\/\/camarenapark.com\/en\/politica-de-privacidad\/","title":{"rendered":"Pol\u00edtica de privacidad"},"content":{"rendered":"<p>En virtud de lo establecido en la Ley 34\/2002, de 11 de julio, de Servicios de la Sociedad de la Informaci\u00f3n y de Comercio Electr\u00f3nico (LSSI), el presente aviso legal regula el uso del servicio de la p\u00e1gina Web (www.camarenapark.com), que la empresa CAMARENAPARK S.L. pone en conocimiento de los usuarios de Internet, que esta Web es de titularidad de CAMARENAPARK S.L, con direcci\u00f3nen Ronda Narciso Monturiol i estarriol n\u00ba6 local 9B2 , Paterna (valencia) 46980).<br \/><br \/>El prestador es el \u00fanico propietario de la aplicaci\u00f3n de software. Esta licencia es solo una cesi\u00f3n de uso realizada sin exclusividad, que habilita para el uso de la aplicaci\u00f3n sin limitaci\u00f3n territorial alguna, que tiene una duraci\u00f3n indefinida, en tanto ninguna de las partes decida revocar los derechos y que \u00fanicamente permite el uso y ejecuci\u00f3n de la aplicaci\u00f3n de forma online y exclusivamente a trav\u00e9s del sitio web www.camarenapark.com.<br \/><br \/>En ning\u00fan momento el prestador otorga derecho de propiedad sobre el software, sino que cede el derecho de uso del mismo en las condiciones descritas en esta licencia, no entendi\u00e9ndose en ning\u00fan caso que se habilita para su reproducci\u00f3n y difusi\u00f3n p\u00fablica, cesi\u00f3n, venta, alquiler o pr\u00e9stamo, comprometi\u00e9ndose a no ceder su uso parcial o total de ninguna forma, as\u00ed como a no divulgar, publicar, ni poner de ninguna otra forma a disposici\u00f3n de otras partes.<br \/><br \/>A t\u00edtulo enunciativo, pero no limitativo, todos los logotipos, nombres comerciales, contenidos sonoros, audiovisuales, se\u00f1ales y signos, incluidos en la aplicaci\u00f3n, se encuentran protegidos por los derechos de propiedad intelectual e industrial de sus respectivos due\u00f1os, por lo que queda terminantemente prohibido que el usuario de software pueda descompilar, reproducir, copiar, modificar o manipular de ning\u00fan otro modo cualquiera de los contenidos de la aplicaci\u00f3n, en su totalidad o en parte, as\u00ed como modificarlo, ya sea en su apariencia externa como en su funcionamiento operativo.<\/p>","protected":false},"excerpt":{"rendered":"<p>En virtud de lo establecido en la Ley 34\/2002, de 11 de julio, de Servicios de la Sociedad de la Informaci\u00f3n y de Comercio Electr\u00f3nico (LSSI), el presente aviso legal regula el uso del servicio de la p\u00e1gina Web (www.camarenapark.com), que la empresa CAMARENAPARK S.L. pone en conocimiento de los usuarios de Internet, que esta [&hellip;]<\/p>","protected":false},"author":1,"featured_media":0,"parent":0,"menu_order":0,"comment_status":"closed","ping_status":"open","template":"","meta":{"footnotes":""},"class_list":["post-3","page","type-page","status-publish","hentry"],"_links":{"self":[{"href":"https:\/\/camarenapark.com\/en\/wp-json\/wp\/v2\/pages\/3","targetHints":{"allow":["GET"]}}],"collection":[{"href":"https:\/\/camarenapark.com\/en\/wp-json\/wp\/v2\/pages"}],"about":[{"href":"https:\/\/camarenapark.com\/en\/wp-json\/wp\/v2\/types\/page"}],"author":[{"embeddable":true,"href":"https:\/\/camarenapark.com\/en\/wp-json\/wp\/v2\/users\/1"}],"replies":[{"embeddable":true,"href":"https:\/\/camarenapark.com\/en\/wp-json\/wp\/v2\/comments?post=3"}],"version-history":[{"count":1,"href":"https:\/\/camarenapark.com\/en\/wp-json\/wp\/v2\/pages\/3\/revisions"}],"predecessor-version":[{"id":1295,"href":"https:\/\/camarenapark.com\/en\/wp-json\/wp\/v2\/pages\/3\/revisions\/1295"}],"wp:attachment":[{"href":"https:\/\/camarenapark.com\/en\/wp-json\/wp\/v2\/media?parent=3"}],"curies":[{"name":"wp","href":"https:\/\/api.w.org\/{rel}","templated":true}]}}